{"id":120713,"date":"2024-06-04T02:43:00","date_gmt":"2024-06-04T08:43:00","guid":{"rendered":"https:\/\/wbcboxing.com\/?page_id=120713"},"modified":"2026-04-09T16:04:22","modified_gmt":"2026-04-09T22:04:22","slug":"programs","status":"publish","type":"page","link":"https:\/\/wbcboxing.com\/en\/programs\/","title":{"rendered":"Programs Redesign"},"content":{"rendered":"<div class=\"wpb-content-wrapper\"><p>[vc_row full_width=&#8221;stretch_row_content_no_spaces&#8221; css=&#8221;.vc_custom_1717490871155{padding-top: 20px !important;padding-bottom: 0px !important;background-image: url(https:\/\/wbcboxing.com\/wp-content\/uploads\/hero-header.jpg?id=100457) !important;}&#8221;][vc_column width=&#8221;1\/6&#8243;][\/vc_column][vc_column width=&#8221;2\/3&#8243;][vc_column_text css=&#8221;&#8221;]<div id=\"wbcbo-1758569487\" class=\"total-center\"><a href=\"https:\/\/rtfight.com\/es\" aria-label=\"C-728-x-90-Ready-to-Fight\" target=\"_blank\" rel=\"noopener\"><img loading=\"lazy\" decoding=\"async\" src=\"https:\/\/wbcboxing.com\/wp-content\/uploads\/C-728-x-90-Ready-to-Fight.jpg\" alt=\"\"  srcset=\"https:\/\/wbcboxing.com\/wp-content\/uploads\/C-728-x-90-Ready-to-Fight.jpg 728w, https:\/\/wbcboxing.com\/wp-content\/uploads\/C-728-x-90-Ready-to-Fight-300x37.jpg 300w, https:\/\/wbcboxing.com\/wp-content\/uploads\/C-728-x-90-Ready-to-Fight-260x32.jpg 260w, https:\/\/wbcboxing.com\/wp-content\/uploads\/C-728-x-90-Ready-to-Fight-50x6.jpg 50w, https:\/\/wbcboxing.com\/wp-content\/uploads\/C-728-x-90-Ready-to-Fight-150x19.jpg 150w\" sizes=\"auto, (max-width: 728px) 100vw, 728px\" width=\"728\" height=\"90\"   \/><\/a><\/div>[\/vc_column_text][\/vc_column][vc_column width=&#8221;1\/6&#8243;][\/vc_column][\/vc_row][vc_row full_width=&#8221;stretch_row_content&#8221; css=&#8221;.vc_custom_1697720373103{background-color: #ececec !important;}&#8221; el_class=&#8221;com-row&#8221;][vc_column css=&#8221;.vc_custom_1697719980735{margin-top: 0px !important;padding-top: 20px !important;}&#8221; el_class=&#8221;heading-section&#8221;][vc_custom_heading text=&#8221;Programs&#8221; font_container=&#8221;tag:h2|font_size:32|text_align:left|color:%232b2926&#8243; el_class=&#8221;strong-texts headings&#8221;][\/vc_column][\/vc_row][vc_row full_width=&#8221;stretch_row_content_no_spaces&#8221; css=&#8221;.vc_custom_1697705989566{background-color: #ececec !important;}&#8221;][vc_column css=&#8221;.vc_custom_1697707883476{margin-top: 0px !important;margin-bottom: 0px !important;padding-top: 0px !important;padding-bottom: 0px !important;}&#8221;][vc_separator color=&#8221;custom&#8221; css=&#8221;.vc_custom_1697707990657{margin-top: 0px !important;margin-bottom: 5px !important;padding-top: 0px !important;padding-bottom: 5px !important;}&#8221; accent_color=&#8221;#d1d1d1&#8243;][\/vc_column][\/vc_row][vc_row full_width=&#8221;stretch_row_content&#8221; el_id=&#8221;main-tab-section&#8221;][vc_column css=&#8221;.vc_custom_1697707892112{margin-top: 0px !important;margin-right: 0px !important;margin-bottom: 0px !important;margin-left: 0px !important;padding-top: 0px !important;padding-right: 0px !important;padding-bottom: 0px !important;padding-left: 0px !important;}&#8221;][vc_tta_tabs shape=&#8221;round&#8221; active_section=&#8221;1&#8243; no_fill_content_area=&#8221;true&#8221; css=&#8221;.vc_custom_1717490966338{margin-top: 0px !important;padding-top: 0px !important;}&#8221; el_id=&#8221;programs-tabs&#8221;][vc_tta_section title=&#8221;Jos\u00e9 Sulaim\u00e1n Boxer\u2019s Fund&#8221; tab_id=&#8221;Jose-Sulaiman-Boxers-Fund&#8221;][vc_row_inner][vc_column_inner width=&#8221;1\/4&#8243;][vc_single_image image=&#8221;120718&#8243; img_size=&#8221;large&#8221;][\/vc_column_inner][vc_column_inner width=&#8221;3\/4&#8243;][vc_custom_heading text=&#8221;Jos\u00e9 Sulaim\u00e1n Boxer\u2019s Fund&#8221; font_container=&#8221;tag:p|font_size:26px|text_align:left|color:%23283742&#8243; css=&#8221;.vc_custom_1717491267662{margin-top: 0px !important;margin-bottom: 15px !important;padding-top: 0px !important;padding-bottom: 0px !important;}&#8221; el_class=&#8221;left-texts&#8221;][vc_separator color=&#8221;custom&#8221; accent_color=&#8221;#d9d9d9&#8243;][vc_column_text el_class=&#8221;custom-font&#8221;]The Jose Sulaiman Boxer&#8217;s Fund, created in 2012 by the\u00a0WBC\u00a0under the guidance of its lifetime president, Jose Sulaiman, is a testament to his deep care and affection for boxers.<\/p>\n<p>This fund, a lasting tribute to his unwavering commitment, provides vital financial support and resources to champion boxers and those who have made significant contributions to the sport, ensuring their well-being and acknowledging their remarkable dedication within the world of boxing.[\/vc_column_text][\/vc_column_inner][\/vc_row_inner][\/vc_tta_section][vc_tta_section title=&#8221;Clean Boxing Program&#8221; tab_id=&#8221;Clean-Boxing-Program&#8221;][vc_row_inner][vc_column_inner width=&#8221;1\/4&#8243;][vc_single_image image=&#8221;120724&#8243; img_size=&#8221;large&#8221;][\/vc_column_inner][vc_column_inner width=&#8221;3\/4&#8243;][vc_custom_heading text=&#8221;Clean Boxing Program&#8221; font_container=&#8221;tag:p|font_size:26px|text_align:left|color:%23283742&#8243; css=&#8221;.vc_custom_1717491610870{margin-top: 0px !important;margin-bottom: 15px !important;padding-top: 0px !important;padding-bottom: 0px !important;}&#8221; el_class=&#8221;left-texts&#8221;][vc_separator color=&#8221;custom&#8221; accent_color=&#8221;#d9d9d9&#8243;][vc_column_text css=&#8221;&#8221; el_class=&#8221;custom-font&#8221;]<span data-olk-copy-source=\"MessageBody\">It is a great pleasure to announce that the WBC has joined forces with VADA (Voluntary Anti-Doping Association) to launch the WBC CLEAN BOXING PROGRAM, first proposed by our Life President, Dr. Jos\u00e9 Sulaim\u00e1n Ch. Now, under the leadership of our President Mauricio Sulaim\u00e1n, this program will be another WBC dream come true.<\/span><\/p>\n<p>One of the main concerns the World Boxing Council has always worked towards is protecting the health and lives of boxers, as well as promoting honest sports practices with the utmost caution, eradicating prohibited substances.[\/vc_column_text][\/vc_column_inner][\/vc_row_inner][vc_row_inner][vc_column_inner][vc_custom_heading text=&#8221;What is the Clean Boxing Program?&#8221; font_container=&#8221;tag:p|font_size:26px|text_align:left|color:%23283742&#8243; css=&#8221;.vc_custom_1717491634749{margin-top: 0px !important;margin-bottom: 15px !important;padding-top: 0px !important;padding-bottom: 0px !important;}&#8221; el_class=&#8221;left-texts&#8221;][vc_separator color=&#8221;custom&#8221; accent_color=&#8221;#d9d9d9&#8243;][vc_column_text css=&#8221;&#8221; el_class=&#8221;custom-font paddingleft&#8221;]<span data-olk-copy-source=\"MessageBody\">A unique program in the world of boxing that aims to educate and warn boxers about the dangers of prohibited substances and methods, and has a comprehensive testing protocol, both in and out of competition.<\/span><\/p>\n<p>The clean boxing program was born in 2016 and was initially only implemented for boxers; it was not until 2019 that it was expanded to women. Enrollment is mandatory for the world champion and the first 15 finishers in each division and for the champions and first 5 finishers in the case of women. Any boxer can voluntarily enroll in the program.[\/vc_column_text][vc_custom_heading text=&#8221;How does it work?&#8221; font_container=&#8221;tag:p|font_size:26px|text_align:left|color:%23283742&#8243; css=&#8221;.vc_custom_1717491720168{margin-top: 0px !important;margin-bottom: 15px !important;padding-top: 0px !important;padding-bottom: 0px !important;}&#8221; el_class=&#8221;left-texts&#8221;][vc_separator color=&#8221;custom&#8221; accent_color=&#8221;#d9d9d9&#8243;][vc_column_text css=&#8221;&#8221; el_class=&#8221;custom-font paddingleft&#8221;]<span data-olk-copy-source=\"MessageBody\">VADA, which is the agency in charge of carrying out the tests, randomly selects the boxer to take the exams.<\/span><\/p>\n<p>To be part of the CBP it is necessary to fill\u00a0 this formats:[\/vc_column_text][vc_btn title=&#8221;Download Registration Forms, Protocols and Policies&#8221; style=&#8221;custom&#8221; custom_background=&#8221;#283742&#8243; custom_text=&#8221;#ffffff&#8221; shape=&#8221;square&#8221; align=&#8221;center&#8221; css=&#8221;&#8221; button_block=&#8221;true&#8221; el_class=&#8221;rating-btn-txt&#8221; link=&#8221;url:https%3A%2F%2Fwbcboxing.com%2Fwp-content%2Fuploads%2F2024%2FForms_CBP_WBC.zip|target:_blank&#8221;][vc_custom_heading text=&#8221;List of prohibited substances&#8221; font_container=&#8221;tag:p|font_size:26px|text_align:left|color:%23283742&#8243; css=&#8221;.vc_custom_1749579574263{margin-top: 0px !important;margin-bottom: 15px !important;padding-top: 0px !important;padding-bottom: 0px !important;}&#8221; el_class=&#8221;left-texts&#8221;][vc_separator color=&#8221;custom&#8221; accent_color=&#8221;#d9d9d9&#8243;][vc_column_text css=&#8221;&#8221; el_class=&#8221;custom-font paddingleft&#8221;]<span data-olk-copy-source=\"MessageBody\">As part of the program, you must be familiar with the official list of prohibited substances issued by the Voluntary Anti-Doping Association. To do so, you can access the following link:\u00a0<\/span><a href=\"https:\/\/wbcboxing.com\/wp-content\/uploads\/VADA-Prohibited-List-2025.pdf\" target=\"_blank\" rel=\"noopener\"><strong>https:\/\/vada-testing.org\/wp-content\/uploads\/2024\/12\/2025\/VADA-Prohibited-List-2025.pdf<\/strong><\/a><\/p>\n<p>For more information visit:\u00a0<strong>\u00a0<a title=\"https:\/\/vada-testing.org\/\" href=\"https:\/\/vada-testing.org\/\" target=\"_blank\" rel=\"noopener noreferrer\" data-auth=\"NotApplicable\">https:\/\/vada-testing.org\/<\/a>\u00a0<\/strong>[\/vc_column_text][\/vc_column_inner][\/vc_row_inner][\/vc_tta_section][vc_tta_section title=&#8221;Weight Management Program&#8221; tab_id=&#8221;Weight-Management-Program&#8221;][vc_row_inner][vc_column_inner width=&#8221;1\/4&#8243;][vc_single_image image=&#8221;120729&#8243; img_size=&#8221;large&#8221;][\/vc_column_inner][vc_column_inner width=&#8221;3\/4&#8243;][vc_custom_heading text=&#8221;WBC Weight Management Program&#8221; font_container=&#8221;tag:p|font_size:26px|text_align:left|color:%23283742&#8243; css=&#8221;.vc_custom_1717492049925{margin-top: 0px !important;margin-bottom: 15px !important;padding-top: 0px !important;padding-bottom: 0px !important;}&#8221; el_class=&#8221;left-texts&#8221;][vc_separator color=&#8221;custom&#8221; accent_color=&#8221;#d9d9d9&#8243;][vc_column_text el_class=&#8221;custom-font&#8221;]Once the boxers and their teams have confirmed a bout, the boxers must weigh themselves so that the\u00a0WBC\u00a0can find out what their starting weight is. Fighters and their teams are required to send their weigh-in 30, 14 and 7 days before the match.<\/p>\n<p>For the 30-day pre-weigh-in, boxers do not require more than 10% of their division limit, for the 14-day boxer they do not require more than 5% and for the 7-day limit, 3%.<\/p>\n<p>With the intention of avoiding over hydration,\u00a0WBC\u00a0applied a weighing system in the dressing room of the arena where the combat is carried out, in which the fighters do not have to weigh on the scale more than 10 % of what they marked during the official weigh-in.<br \/>\n[\/vc_column_text][\/vc_column_inner][\/vc_row_inner][\/vc_tta_section][\/vc_tta_tabs][\/vc_column][\/vc_row][vc_row full_width=&#8221;stretch_row&#8221; css=&#8221;.vc_custom_1752688635035{padding-top: 90px !important;padding-bottom: 200px !important;background-image: url(https:\/\/wbcboxing.com\/wp-content\/uploads\/WBC-Sponsors-bckgr.jpg?id=100768) !important;background-position: center !important;background-repeat: no-repeat !important;background-size: cover !important;}&#8221;][vc_column width=&#8221;1\/4&#8243;][vc_column_text css=&#8221;&#8221;]<div id=\"wbcbo-4022975297\" class=\"total-center\"><a href=\"https:\/\/riyadhseason.com\/en-US\" aria-label=\"Riyadh-Season\" target=\"_blank\" rel=\"noopener\"><img loading=\"lazy\" decoding=\"async\" src=\"https:\/\/wbcboxing.com\/wp-content\/uploads\/Riyadh-Season-1.png\" alt=\"\"  srcset=\"https:\/\/wbcboxing.com\/wp-content\/uploads\/Riyadh-Season-1.png 200w, https:\/\/wbcboxing.com\/wp-content\/uploads\/Riyadh-Season-1-150x150.png 150w, https:\/\/wbcboxing.com\/wp-content\/uploads\/Riyadh-Season-1-146x146.png 146w, https:\/\/wbcboxing.com\/wp-content\/uploads\/Riyadh-Season-1-50x50.png 50w, https:\/\/wbcboxing.com\/wp-content\/uploads\/Riyadh-Season-1-75x75.png 75w, https:\/\/wbcboxing.com\/wp-content\/uploads\/Riyadh-Season-1-85x85.png 85w, https:\/\/wbcboxing.com\/wp-content\/uploads\/Riyadh-Season-1-80x80.png 80w\" sizes=\"auto, (max-width: 200px) 100vw, 200px\" width=\"200\" height=\"200\"   \/><\/a><\/div>[\/vc_column_text][\/vc_column][vc_column width=&#8221;1\/4&#8243;][vc_column_text css=&#8221;&#8221;]<div id=\"wbcbo-1955166350\" class=\"total-center\"><a href=\"https:\/\/www.dazn.com\/wbc\" aria-label=\"DAZN\" target=\"_blank\" rel=\"noopener\"><img loading=\"lazy\" decoding=\"async\" src=\"https:\/\/wbcboxing.com\/wp-content\/uploads\/DAZN-1.png\" alt=\"\"  srcset=\"https:\/\/wbcboxing.com\/wp-content\/uploads\/DAZN-1.png 200w, https:\/\/wbcboxing.com\/wp-content\/uploads\/DAZN-1-150x150.png 150w, https:\/\/wbcboxing.com\/wp-content\/uploads\/DAZN-1-146x146.png 146w, https:\/\/wbcboxing.com\/wp-content\/uploads\/DAZN-1-50x50.png 50w, https:\/\/wbcboxing.com\/wp-content\/uploads\/DAZN-1-75x75.png 75w, https:\/\/wbcboxing.com\/wp-content\/uploads\/DAZN-1-85x85.png 85w, https:\/\/wbcboxing.com\/wp-content\/uploads\/DAZN-1-80x80.png 80w\" sizes=\"auto, (max-width: 200px) 100vw, 200px\" width=\"200\" height=\"200\"   \/><\/a><\/div>[\/vc_column_text][\/vc_column][vc_column width=&#8221;1\/4&#8243;][vc_column_text css=&#8221;&#8221;]<div id=\"wbcbo-1171621468\" class=\"total-center\"><a href=\"https:\/\/rtfight.com\/es\" aria-label=\"Ready-to-Fight\" target=\"_blank\" rel=\"noopener\"><img loading=\"lazy\" decoding=\"async\" src=\"https:\/\/wbcboxing.com\/wp-content\/uploads\/Ready-to-Fight-1.png\" alt=\"\"  srcset=\"https:\/\/wbcboxing.com\/wp-content\/uploads\/Ready-to-Fight-1.png 200w, https:\/\/wbcboxing.com\/wp-content\/uploads\/Ready-to-Fight-1-150x150.png 150w, https:\/\/wbcboxing.com\/wp-content\/uploads\/Ready-to-Fight-1-146x146.png 146w, https:\/\/wbcboxing.com\/wp-content\/uploads\/Ready-to-Fight-1-50x50.png 50w, https:\/\/wbcboxing.com\/wp-content\/uploads\/Ready-to-Fight-1-75x75.png 75w, https:\/\/wbcboxing.com\/wp-content\/uploads\/Ready-to-Fight-1-85x85.png 85w, https:\/\/wbcboxing.com\/wp-content\/uploads\/Ready-to-Fight-1-80x80.png 80w\" sizes=\"auto, (max-width: 200px) 100vw, 200px\" width=\"200\" height=\"200\"   \/><\/a><\/div>[\/vc_column_text][\/vc_column][vc_column width=&#8221;1\/4&#8243;][vc_column_text css=&#8221;&#8221;]<div id=\"wbcbo-1090429475\" class=\"total-center\"><a href=\"https:\/\/theibh.com\/\" aria-label=\"IBH\" target=\"_blank\" rel=\"noopener\"><img loading=\"lazy\" decoding=\"async\" src=\"https:\/\/wbcboxing.com\/wp-content\/uploads\/IBH-1.png\" alt=\"\"  srcset=\"https:\/\/wbcboxing.com\/wp-content\/uploads\/IBH-1.png 200w, https:\/\/wbcboxing.com\/wp-content\/uploads\/IBH-1-150x150.png 150w, https:\/\/wbcboxing.com\/wp-content\/uploads\/IBH-1-146x146.png 146w, https:\/\/wbcboxing.com\/wp-content\/uploads\/IBH-1-50x50.png 50w, https:\/\/wbcboxing.com\/wp-content\/uploads\/IBH-1-75x75.png 75w, https:\/\/wbcboxing.com\/wp-content\/uploads\/IBH-1-85x85.png 85w, https:\/\/wbcboxing.com\/wp-content\/uploads\/IBH-1-80x80.png 80w\" sizes=\"auto, (max-width: 200px) 100vw, 200px\" width=\"200\" height=\"200\"   \/><\/a><\/div>[\/vc_column_text][\/vc_column][\/vc_row]<\/p>\n<\/div>","protected":false},"excerpt":{"rendered":"<p>[vc_row full_width=&#8221;stretch_row_content_no_spaces&#8221; css=&#8221;.vc_custom_1717490871155{padding-top: 20px !important;padding-bottom: 0px !important;background-image: url(https:\/\/wbcboxing.com\/wp-content\/uploads\/hero-header.jpg?id=100457) !important;}&#8221;][vc_column width=&#8221;1\/6&#8243;][\/vc_column][vc_column width=&#8221;2\/3&#8243;][vc_column_text css=&#8221;&#8221;][\/vc_column_text][\/vc_column][vc_column width=&#8221;1\/6&#8243;][\/vc_column][\/vc_row][vc_row full_width=&#8221;stretch_row_content&#8221; css=&#8221;.vc_custom_1697720373103{background-color: #ececec !important;}&#8221; el_class=&#8221;com-row&#8221;][vc_column css=&#8221;.vc_custom_1697719980735{margin-top: 0px !important;padding-top: 20px !important;}&#8221; el_class=&#8221;heading-section&#8221;][vc_custom_heading text=&#8221;Programs&#8221; font_container=&#8221;tag:h2|font_size:32|text_align:left|color:%232b2926&#8243;<span class=\"excerpt-hellip\"> [\u2026]<\/span><\/p>\n","protected":false},"author":14,"featured_media":0,"parent":0,"menu_order":0,"comment_status":"closed","ping_status":"closed","template":"","meta":{"_acf_changed":false,"footnotes":""},"class_list":["post-120713","page","type-page","status-publish","hentry"],"acf":[],"_links":{"self":[{"href":"https:\/\/wbcboxing.com\/en\/wp-json\/wp\/v2\/pages\/120713","targetHints":{"allow":["GET"]}}],"collection":[{"href":"https:\/\/wbcboxing.com\/en\/wp-json\/wp\/v2\/pages"}],"about":[{"href":"https:\/\/wbcboxing.com\/en\/wp-json\/wp\/v2\/types\/page"}],"author":[{"embeddable":true,"href":"https:\/\/wbcboxing.com\/en\/wp-json\/wp\/v2\/users\/14"}],"replies":[{"embeddable":true,"href":"https:\/\/wbcboxing.com\/en\/wp-json\/wp\/v2\/comments?post=120713"}],"version-history":[{"count":0,"href":"https:\/\/wbcboxing.com\/en\/wp-json\/wp\/v2\/pages\/120713\/revisions"}],"wp:attachment":[{"href":"https:\/\/wbcboxing.com\/en\/wp-json\/wp\/v2\/media?parent=120713"}],"curies":[{"name":"wp","href":"https:\/\/api.w.org\/{rel}","templated":true}]}}