{"id":119957,"date":"2024-05-28T23:36:20","date_gmt":"2024-05-29T05:36:20","guid":{"rendered":"https:\/\/wbcboxing.com\/?page_id=119957"},"modified":"2025-07-16T13:45:53","modified_gmt":"2025-07-16T19:45:53","slug":"about-us-history","status":"publish","type":"page","link":"https:\/\/wbcboxing.com\/en\/about-us-history\/","title":{"rendered":"About us History"},"content":{"rendered":"<div class=\"wpb-content-wrapper\"><p>[vc_row full_width=&#8221;stretch_row_content_no_spaces&#8221; css=&#8221;.vc_custom_1716983213324{padding-top: 20px !important;padding-bottom: 0px !important;background-image: url(https:\/\/wbcboxing.com\/wp-content\/uploads\/hero-header.jpg?id=100457) !important;}&#8221;][vc_column width=&#8221;1\/6&#8243;][\/vc_column][vc_column width=&#8221;2\/3&#8243;][vc_column_text css=&#8221;&#8221;]<div id=\"wbcbo-3553301274\" class=\"total-center\"><a href=\"https:\/\/playundisputed.com\/\" aria-label=\"C-728-x-90-Undisputed-Banner\" target=\"_blank\" rel=\"noopener\"><img loading=\"lazy\" decoding=\"async\" src=\"https:\/\/wbcboxing.com\/wp-content\/uploads\/C-728-x-90-Undisputed-Banner.jpg\" alt=\"\"  srcset=\"https:\/\/wbcboxing.com\/wp-content\/uploads\/C-728-x-90-Undisputed-Banner.jpg 728w, https:\/\/wbcboxing.com\/wp-content\/uploads\/C-728-x-90-Undisputed-Banner-300x37.jpg 300w, https:\/\/wbcboxing.com\/wp-content\/uploads\/C-728-x-90-Undisputed-Banner-260x32.jpg 260w, https:\/\/wbcboxing.com\/wp-content\/uploads\/C-728-x-90-Undisputed-Banner-50x6.jpg 50w, https:\/\/wbcboxing.com\/wp-content\/uploads\/C-728-x-90-Undisputed-Banner-150x19.jpg 150w\" sizes=\"auto, (max-width: 728px) 100vw, 728px\" width=\"728\" height=\"90\"   \/><\/a><\/div>[\/vc_column_text][\/vc_column][vc_column width=&#8221;1\/6&#8243;][\/vc_column][\/vc_row][vc_row full_width=&#8221;stretch_row_content&#8221; css=&#8221;.vc_custom_1697720373103{background-color: #ececec !important;}&#8221; el_class=&#8221;com-row&#8221;][vc_column css=&#8221;.vc_custom_1697719980735{margin-top: 0px !important;padding-top: 20px !important;}&#8221; el_class=&#8221;heading-section&#8221;][vc_custom_heading text=&#8221;About us&#8221; font_container=&#8221;tag:h2|font_size:32|text_align:left|color:%232b2926&#8243; el_class=&#8221;strong-texts&#8221;][\/vc_column][\/vc_row][vc_row full_width=&#8221;stretch_row_content_no_spaces&#8221; css=&#8221;.vc_custom_1716962243998{margin-bottom: 0px !important;background-color: #ececec !important;}&#8221; el_class=&#8221;custom-tabs-section&#8221;][vc_column css=&#8221;.vc_custom_1716962250182{margin-top: 0px !important;margin-bottom: 0px !important;padding-top: 0px !important;padding-bottom: 0px !important;}&#8221;][vc_separator color=&#8221;custom&#8221; css=&#8221;.vc_custom_1697707990657{margin-top: 0px !important;margin-bottom: 5px !important;padding-top: 0px !important;padding-bottom: 5px !important;}&#8221; accent_color=&#8221;#d1d1d1&#8243;][vc_column_text css=&#8221;.vc_custom_1729203773463{margin-bottom: 0px !important;}&#8221;]<\/p>\n<ul class=\"aboutus\">\n<li class=\"activetab\"><a class=\"activelink\">History<\/a><\/li>\n<li><a href=\"\/en\/about-us-affiliated-titles\/\">Affiliated Titles<\/a><\/li>\n<li><a href=\"\/en\/about-us-offices\/\">Offices<\/a><\/li>\n<li><a href=\"\/en\/about-us-conventions\/\">Conventions<\/a><\/li>\n<li><a href=\"\/en\/about-us-links\/\">Links<\/a><\/li>\n<li><a href=\"\/en\/rules-and-documents\/\">Downdloads<\/a><\/li>\n<\/ul>\n<p>[\/vc_column_text][\/vc_column][\/vc_row][vc_row full_width=&#8221;stretch_row&#8221; el_class=&#8221;history-section&#8221;][vc_column][vc_custom_heading text=&#8221;WBC HISTORY&#8221; font_container=&#8221;tag:p|font_size:26px|text_align:left|color:%23283742&#8243; css=&#8221;.vc_custom_1716964169006{padding-top: 35px !important;}&#8221; el_class=&#8221;left-texts&#8221;][vc_separator color=&#8221;custom&#8221; accent_color=&#8221;#d9d9d9&#8243;][vc_row_inner css=&#8221;.vc_custom_1716965338018{margin-bottom: 0px !important;}&#8221;][vc_column_inner el_class=&#8221;sm-img&#8221; width=&#8221;1\/4&#8243; css=&#8221;.vc_custom_1717069615536{margin-bottom: 0px !important;}&#8221;][vc_single_image image=&#8221;142092&#8243; img_size=&#8221;large&#8221; css=&#8221;.vc_custom_1738717268776{margin-bottom: 0px !important;}&#8221;][\/vc_column_inner][vc_column_inner width=&#8221;3\/4&#8243; css=&#8221;.vc_custom_1717069564785{margin-bottom: 0px !important;}&#8221;][vc_column_text css=&#8221;.vc_custom_1716965276083{margin-bottom: 0px !important;}&#8221; el_class=&#8221;color-txt&#8221;]The\u00a0WBC\u00a0was established as an initiative of the then President of Mexico, Adolfo L\u00f3pez Mateos, to create an organization that would unify all the commissions of the world and\u00a0 develop the expansion of boxing.<\/p>\n<p>This is how on February 14, 1963 the World Boxing Council was founded, initially created by 11 countries: the United States, Argentina, England, France, Mexico, the Philippines, Panama, Chile, Peru, Venezuela, and Brazil.<\/p>\n<p>Its main founders were the Mexican Luis Spota and Professor Ram\u00f3n G.<\/p>\n<p>Velasquez, who were Presidents\u00a0 of the World Boxing Council, as well as Onslow Fane, from England and Filipino Justiniano Monta\u00f1o.[\/vc_column_text][\/vc_column_inner][\/vc_row_inner][vc_column_text css=&#8221;.vc_custom_1717069584905{margin-top: 0px !important;}&#8221; el_class=&#8221;color-txt ntxt&#8221;]So far there have been six honorable men who have held the position of President of the World Boxing Council; However, Dr. Jos\u00e9 Sulaim\u00e1n Chagn\u00f3n, who became President on December 5, 1975 in the city of Tunisia and remained as Leader for more than 38 years, was the one who consolidated the organization as the most important at international and global level.<\/p>\n<p>Thanks to\u00a0 his unstinting efforts, innovation and guidelines, the\u00a0WBC\u00a0evolved, grew and transformed the way this noble sport is viewed. For the\u00a0WBC\u00a0the most important thing has always been to promote and safeguard, safety, health plus respect for the boxer, who gets into the ring with a hunger and thirst to win, and to entertain the fans, in spite of the risks.<\/p>\n<p>The World Boxing Council is a non-profit organization that works motivated by the love for boxing with dedicated, loyal people who seek to safeguard the safety of boxers. Consisting of 168 countries with their respective confederations, its main function is to make boxing a fair and safe sport.<\/p>\n<p>Today, with\u00a0 the leadership of its President Mr. Mauricio Sulaiman, the\u00a0WBC\u00a0continues to work to enhance boxing, as well as to protect the health and well-being of all boxers, above any interest, always promoting our values: loyalty, justice, integrity and respecting the social commitment that supports our history.[\/vc_column_text][vc_custom_heading text=&#8221;THE FIRST SET OF WBC RULES THAT REVOLUTIONIZED BOXING:&#8221; font_container=&#8221;tag:p|font_size:26px|text_align:left|color:%23283742&#8243; css=&#8221;.vc_custom_1716965417638{padding-top: 35px !important;}&#8221; el_class=&#8221;left-texts&#8221;][vc_separator color=&#8221;custom&#8221; accent_color=&#8221;#d9d9d9&#8243;][vc_column_text el_class=&#8221;color-txt&#8221;]<strong>1.- The reduction of the length of title fights from 15 to 12 rounds.<\/strong><\/p>\n<p><strong>2.- The official weigh-in required 24 hours before the fights.<\/strong><\/p>\n<p><strong>3.- The creation of divisions.<\/strong><\/p>\n<p><strong>4.-\u00a0 The four-rope ring.<\/strong><\/p>\n<p><strong>5.- The thumb-attached glove.<\/strong><\/p>\n<p><strong>6.- Doping tests after each fight sanctioned by the\u00a0WBC.<\/strong><\/p>\n<p><strong>7.- Donations to UCLA for research.<\/strong><\/p>\n<p><strong>8.-\u00a0 Annual medical examinations for champions and classified boxers.<\/strong><\/p>\n<p><strong>9.- Life and hospitalization insurance for those fighters involved in title fights.<\/strong><\/p>\n<p><strong>10.- Retirement plans to support boxers in need throughout the world.<\/strong><\/p>\n<p><strong>11.- The struggle against apartheid in South African boxing, which earned our president an acknowledgement from the United Nations.<\/strong>[\/vc_column_text][vc_custom_heading text=&#8221;MAURICIO SULAIMAN SALDIVAR PRESIDENT OF THE WBC&#8221; font_container=&#8221;tag:p|font_size:26px|text_align:left|color:%23283742&#8243; css=&#8221;.vc_custom_1716965638931{padding-top: 35px !important;}&#8221; el_class=&#8221;left-texts&#8221;][vc_separator color=&#8221;custom&#8221; accent_color=&#8221;#d9d9d9&#8243;][vc_column_text el_class=&#8221;color-txt&#8221;]Mauricio was born on December 30, 1969 in Mexico City, Federal District, the youngest son of Jose Sulaiman Chagnon and Martha Saldivar Morales.<\/p>\n<p>A man passionate about music and sports, who from his childhood, followed the footsteps of his father, the man who taught him to serve others.<\/p>\n<p>Mauricio graduated\u00a0 in Business Administration from the Instituto Tecnologico de Estudios Superiores de Monterrey, Campus Estado de Mexico, whose academic achievements include two more specialties, in finance and another in High Responsibility Management by the Association of Presidents from America.<\/p>\n<p>He was President and CEO of Controles Graficos Enterprise, a manufacturing company with three business divisions: printing, security and digital solutions. In 1992 the\u00a0WBC\u00a0appointed him Director of Public Relations and in 1994 he was elected Vice President of the North American Boxing Federation.<\/p>\n<p>In 2004 Mauricio became Executive Secretary of the World Boxing Council.<\/p>\n<p>On February 12, 2014 he was unanimously elected President of the World Boxing Council.<\/p>\n<p>During his time as the head of the organization, Mauricio has worked, guided by the values that his father instilled in him in more than 38 years as the head of the\u00a0WBC, focusing on honesty, responsibility, respect, solidarity, loyalty and friendship.[\/vc_column_text][vc_column_text css=&#8221;&#8221;]<div id=\"wbcbo-3908184974\"><a href=\"https:\/\/rtfight.com\/es\" aria-label=\"1792-x-185-Ready-to-Fight&#8211;Banner-2\" target=\"_blank\" rel=\"noopener\"><img loading=\"lazy\" decoding=\"async\" src=\"https:\/\/wbcboxing.com\/wp-content\/uploads\/1792-x-185-Ready-to-Fight-Banner-2.jpg\" alt=\"\"  srcset=\"https:\/\/wbcboxing.com\/wp-content\/uploads\/1792-x-185-Ready-to-Fight-Banner-2.jpg 1792w, https:\/\/wbcboxing.com\/wp-content\/uploads\/1792-x-185-Ready-to-Fight-Banner-2-300x31.jpg 300w, https:\/\/wbcboxing.com\/wp-content\/uploads\/1792-x-185-Ready-to-Fight-Banner-2-1024x106.jpg 1024w, https:\/\/wbcboxing.com\/wp-content\/uploads\/1792-x-185-Ready-to-Fight-Banner-2-768x79.jpg 768w, https:\/\/wbcboxing.com\/wp-content\/uploads\/1792-x-185-Ready-to-Fight-Banner-2-1536x159.jpg 1536w, https:\/\/wbcboxing.com\/wp-content\/uploads\/1792-x-185-Ready-to-Fight-Banner-2-260x27.jpg 260w, https:\/\/wbcboxing.com\/wp-content\/uploads\/1792-x-185-Ready-to-Fight-Banner-2-50x5.jpg 50w, https:\/\/wbcboxing.com\/wp-content\/uploads\/1792-x-185-Ready-to-Fight-Banner-2-150x15.jpg 150w, https:\/\/wbcboxing.com\/wp-content\/uploads\/1792-x-185-Ready-to-Fight-Banner-2-960x99.jpg 960w, https:\/\/wbcboxing.com\/wp-content\/uploads\/1792-x-185-Ready-to-Fight-Banner-2-1200x124.jpg 1200w\" sizes=\"auto, (max-width: 1792px) 100vw, 1792px\" width=\"1792\" height=\"185\"   \/><\/a><\/div>[\/vc_column_text][vc_column_text el_class=&#8221;color-txt&#8221;]Five years after being elected\u00a0WBC\u00a0President, Mauricio has developed various initiatives, such as amateur and professional tournaments, active participation in social and reintegration programs, women\u2019s boxing advancement with the organization of three Conventions, monitoring the \u201cJos\u00e9 Sulaim\u00e1n\u201d Fund that helps the boxers in need, creation of special belts to commemorate great fights, seminars for judges and referees around the world.<\/p>\n<p>Also and significantly, the creation of the Clean Boxing Program (CBP) that in alliance with VADA, does anti doping tests, and strives to educate athletes about the dangers and disadvantages that doping wreaks, in addition to the penalties that testing positive for prohibited substances, inside or outside of a competition result in.<\/p>\n<p>Another important aspect during Mauricio`s leadership is the work with the Pope Francis foundation, Scholas Occurrentes, with the task of serving children in search of a better future, regardless of religion, race or color, through sports. He also worked hard to get Jack Johnson\u00b4s pardon. Justice for the first African American heavyweight champion.<\/p>\n<p>2020 was a challenging\u00a0 year for everyone and sport. The World Boxing Council\u00a0 led by Sulaiman, sought ways to stay active and unite the entire boxing during the pandemic.<\/p>\n<p>Starting with the \u201cStay at Home\u201d campaign, later with champions involving everyone in workouts, so as to remain active at home. Daily\u00a0WBC\u00a0talks in English and Spanish from Monday to Friday, so that the boxing and sports community kept in communication, entertained and above all active.<\/p>\n<p>The\u00a0WBC\u00a0designed a medical-administrative protocol, to return boxing without an audience, so that events could be held. This document was shared throughout the world and has been very successful.<\/p>\n<p>Various social responsibility activities including food supplies delivery in order to support the boxing community, especially older people who cannot leave home.<\/p>\n<p>The Heroes for Humanity program was one of the most important initiatives as it seeks to recognize those who contribute to their communities in the fight against the COVID-19 pandemic, via extraordinary, selfless and courageous actions.[\/vc_column_text][\/vc_column][\/vc_row][vc_row full_width=&#8221;stretch_row&#8221; css=&#8221;.vc_custom_1752688635035{padding-top: 90px !important;padding-bottom: 200px !important;background-image: url(https:\/\/wbcboxing.com\/wp-content\/uploads\/WBC-Sponsors-bckgr.jpg?id=100768) !important;background-position: center !important;background-repeat: no-repeat !important;background-size: cover !important;}&#8221;][vc_column width=&#8221;1\/4&#8243;][vc_column_text css=&#8221;&#8221;]<div id=\"wbcbo-3769178745\" class=\"total-center\"><a href=\"https:\/\/riyadhseason.com\/en-US\" aria-label=\"Riyadh-Season\" target=\"_blank\" rel=\"noopener\"><img loading=\"lazy\" decoding=\"async\" src=\"https:\/\/wbcboxing.com\/wp-content\/uploads\/Riyadh-Season-1.png\" alt=\"\"  srcset=\"https:\/\/wbcboxing.com\/wp-content\/uploads\/Riyadh-Season-1.png 200w, https:\/\/wbcboxing.com\/wp-content\/uploads\/Riyadh-Season-1-150x150.png 150w, https:\/\/wbcboxing.com\/wp-content\/uploads\/Riyadh-Season-1-146x146.png 146w, https:\/\/wbcboxing.com\/wp-content\/uploads\/Riyadh-Season-1-50x50.png 50w, https:\/\/wbcboxing.com\/wp-content\/uploads\/Riyadh-Season-1-75x75.png 75w, https:\/\/wbcboxing.com\/wp-content\/uploads\/Riyadh-Season-1-85x85.png 85w, https:\/\/wbcboxing.com\/wp-content\/uploads\/Riyadh-Season-1-80x80.png 80w\" sizes=\"auto, (max-width: 200px) 100vw, 200px\" width=\"200\" height=\"200\"   \/><\/a><\/div>[\/vc_column_text][\/vc_column][vc_column width=&#8221;1\/4&#8243;][vc_column_text css=&#8221;&#8221;]<div id=\"wbcbo-2076712674\" class=\"total-center\"><a href=\"https:\/\/www.dazn.com\/wbc\" aria-label=\"DAZN\" target=\"_blank\" rel=\"noopener\"><img loading=\"lazy\" decoding=\"async\" src=\"https:\/\/wbcboxing.com\/wp-content\/uploads\/DAZN-1.png\" alt=\"\"  srcset=\"https:\/\/wbcboxing.com\/wp-content\/uploads\/DAZN-1.png 200w, https:\/\/wbcboxing.com\/wp-content\/uploads\/DAZN-1-150x150.png 150w, https:\/\/wbcboxing.com\/wp-content\/uploads\/DAZN-1-146x146.png 146w, https:\/\/wbcboxing.com\/wp-content\/uploads\/DAZN-1-50x50.png 50w, https:\/\/wbcboxing.com\/wp-content\/uploads\/DAZN-1-75x75.png 75w, https:\/\/wbcboxing.com\/wp-content\/uploads\/DAZN-1-85x85.png 85w, https:\/\/wbcboxing.com\/wp-content\/uploads\/DAZN-1-80x80.png 80w\" sizes=\"auto, (max-width: 200px) 100vw, 200px\" width=\"200\" height=\"200\"   \/><\/a><\/div>[\/vc_column_text][\/vc_column][vc_column width=&#8221;1\/4&#8243;][vc_column_text css=&#8221;&#8221;]<div id=\"wbcbo-3117141069\" class=\"total-center\"><a href=\"https:\/\/rtfight.com\/es\" aria-label=\"Ready-to-Fight\" target=\"_blank\" rel=\"noopener\"><img loading=\"lazy\" decoding=\"async\" src=\"https:\/\/wbcboxing.com\/wp-content\/uploads\/Ready-to-Fight-1.png\" alt=\"\"  srcset=\"https:\/\/wbcboxing.com\/wp-content\/uploads\/Ready-to-Fight-1.png 200w, https:\/\/wbcboxing.com\/wp-content\/uploads\/Ready-to-Fight-1-150x150.png 150w, https:\/\/wbcboxing.com\/wp-content\/uploads\/Ready-to-Fight-1-146x146.png 146w, https:\/\/wbcboxing.com\/wp-content\/uploads\/Ready-to-Fight-1-50x50.png 50w, https:\/\/wbcboxing.com\/wp-content\/uploads\/Ready-to-Fight-1-75x75.png 75w, https:\/\/wbcboxing.com\/wp-content\/uploads\/Ready-to-Fight-1-85x85.png 85w, https:\/\/wbcboxing.com\/wp-content\/uploads\/Ready-to-Fight-1-80x80.png 80w\" sizes=\"auto, (max-width: 200px) 100vw, 200px\" width=\"200\" height=\"200\"   \/><\/a><\/div>[\/vc_column_text][\/vc_column][vc_column width=&#8221;1\/4&#8243;][vc_column_text css=&#8221;&#8221;]<div id=\"wbcbo-686405193\" class=\"total-center\"><a href=\"https:\/\/theibh.com\/\" aria-label=\"IBH\" target=\"_blank\" rel=\"noopener\"><img loading=\"lazy\" decoding=\"async\" src=\"https:\/\/wbcboxing.com\/wp-content\/uploads\/IBH-1.png\" alt=\"\"  srcset=\"https:\/\/wbcboxing.com\/wp-content\/uploads\/IBH-1.png 200w, https:\/\/wbcboxing.com\/wp-content\/uploads\/IBH-1-150x150.png 150w, https:\/\/wbcboxing.com\/wp-content\/uploads\/IBH-1-146x146.png 146w, https:\/\/wbcboxing.com\/wp-content\/uploads\/IBH-1-50x50.png 50w, https:\/\/wbcboxing.com\/wp-content\/uploads\/IBH-1-75x75.png 75w, https:\/\/wbcboxing.com\/wp-content\/uploads\/IBH-1-85x85.png 85w, https:\/\/wbcboxing.com\/wp-content\/uploads\/IBH-1-80x80.png 80w\" sizes=\"auto, (max-width: 200px) 100vw, 200px\" width=\"200\" height=\"200\"   \/><\/a><\/div>[\/vc_column_text][\/vc_column][\/vc_row]<\/p>\n<div class=\"pvc_clear\"><\/div>\n<p id=\"pvc_stats_119957\" class=\"pvc_stats all  \" data-element-id=\"119957\" style=\"\"><i class=\"pvc-stats-icon medium\" aria-hidden=\"true\"><svg aria-hidden=\"true\" focusable=\"false\" data-prefix=\"far\" data-icon=\"chart-bar\" role=\"img\" xmlns=\"http:\/\/www.w3.org\/2000\/svg\" viewBox=\"0 0 512 512\" class=\"svg-inline--fa fa-chart-bar fa-w-16 fa-2x\"><path fill=\"currentColor\" d=\"M396.8 352h22.4c6.4 0 12.8-6.4 12.8-12.8V108.8c0-6.4-6.4-12.8-12.8-12.8h-22.4c-6.4 0-12.8 6.4-12.8 12.8v230.4c0 6.4 6.4 12.8 12.8 12.8zm-192 0h22.4c6.4 0 12.8-6.4 12.8-12.8V140.8c0-6.4-6.4-12.8-12.8-12.8h-22.4c-6.4 0-12.8 6.4-12.8 12.8v198.4c0 6.4 6.4 12.8 12.8 12.8zm96 0h22.4c6.4 0 12.8-6.4 12.8-12.8V204.8c0-6.4-6.4-12.8-12.8-12.8h-22.4c-6.4 0-12.8 6.4-12.8 12.8v134.4c0 6.4 6.4 12.8 12.8 12.8zM496 400H48V80c0-8.84-7.16-16-16-16H16C7.16 64 0 71.16 0 80v336c0 17.67 14.33 32 32 32h464c8.84 0 16-7.16 16-16v-16c0-8.84-7.16-16-16-16zm-387.2-48h22.4c6.4 0 12.8-6.4 12.8-12.8v-70.4c0-6.4-6.4-12.8-12.8-12.8h-22.4c-6.4 0-12.8 6.4-12.8 12.8v70.4c0 6.4 6.4 12.8 12.8 12.8z\" class=\"\"><\/path><\/svg><\/i> <img loading=\"lazy\" decoding=\"async\" width=\"16\" height=\"16\" alt=\"Loading\" src=\"https:\/\/wbcboxing.com\/wp-content\/plugins\/page-views-count\/ajax-loader-2x.gif\" border=0 \/><\/p>\n<div class=\"pvc_clear\"><\/div>\n<\/div>","protected":false},"excerpt":{"rendered":"<p>[vc_row full_width=&#8221;stretch_row_content_no_spaces&#8221; css=&#8221;.vc_custom_1716983213324{padding-top: 20px !important;padding-bottom: 0px !important;background-image: url(https:\/\/wbcboxing.com\/wp-content\/uploads\/hero-header.jpg?id=100457) !important;}&#8221;][vc_column width=&#8221;1\/6&#8243;][\/vc_column][vc_column width=&#8221;2\/3&#8243;][vc_column_text css=&#8221;&#8221;][\/vc_column_text][\/vc_column][vc_column width=&#8221;1\/6&#8243;][\/vc_column][\/vc_row][vc_row full_width=&#8221;stretch_row_content&#8221; css=&#8221;.vc_custom_1697720373103{background-color: #ececec !important;}&#8221; el_class=&#8221;com-row&#8221;][vc_column css=&#8221;.vc_custom_1697719980735{margin-top: 0px !important;padding-top: 20px !important;}&#8221; el_class=&#8221;heading-section&#8221;][vc_custom_heading text=&#8221;About us&#8221;<span class=\"excerpt-hellip\"> [\u2026]<\/span><\/p>\n<div class=\"pvc_clear\"><\/div>\n<p id=\"pvc_stats_119957\" class=\"pvc_stats all  \" data-element-id=\"119957\" style=\"\"><i class=\"pvc-stats-icon medium\" aria-hidden=\"true\"><svg aria-hidden=\"true\" focusable=\"false\" data-prefix=\"far\" data-icon=\"chart-bar\" role=\"img\" xmlns=\"http:\/\/www.w3.org\/2000\/svg\" viewBox=\"0 0 512 512\" class=\"svg-inline--fa fa-chart-bar fa-w-16 fa-2x\"><path fill=\"currentColor\" d=\"M396.8 352h22.4c6.4 0 12.8-6.4 12.8-12.8V108.8c0-6.4-6.4-12.8-12.8-12.8h-22.4c-6.4 0-12.8 6.4-12.8 12.8v230.4c0 6.4 6.4 12.8 12.8 12.8zm-192 0h22.4c6.4 0 12.8-6.4 12.8-12.8V140.8c0-6.4-6.4-12.8-12.8-12.8h-22.4c-6.4 0-12.8 6.4-12.8 12.8v198.4c0 6.4 6.4 12.8 12.8 12.8zm96 0h22.4c6.4 0 12.8-6.4 12.8-12.8V204.8c0-6.4-6.4-12.8-12.8-12.8h-22.4c-6.4 0-12.8 6.4-12.8 12.8v134.4c0 6.4 6.4 12.8 12.8 12.8zM496 400H48V80c0-8.84-7.16-16-16-16H16C7.16 64 0 71.16 0 80v336c0 17.67 14.33 32 32 32h464c8.84 0 16-7.16 16-16v-16c0-8.84-7.16-16-16-16zm-387.2-48h22.4c6.4 0 12.8-6.4 12.8-12.8v-70.4c0-6.4-6.4-12.8-12.8-12.8h-22.4c-6.4 0-12.8 6.4-12.8 12.8v70.4c0 6.4 6.4 12.8 12.8 12.8z\" class=\"\"><\/path><\/svg><\/i> <img loading=\"lazy\" decoding=\"async\" width=\"16\" height=\"16\" alt=\"Loading\" src=\"https:\/\/wbcboxing.com\/wp-content\/plugins\/page-views-count\/ajax-loader-2x.gif\" border=0 \/><\/p>\n<div class=\"pvc_clear\"><\/div>\n","protected":false},"author":14,"featured_media":0,"parent":0,"menu_order":0,"comment_status":"closed","ping_status":"closed","template":"","meta":{"_acf_changed":false,"footnotes":""},"class_list":["post-119957","page","type-page","status-publish","hentry"],"acf":[],"_links":{"self":[{"href":"https:\/\/wbcboxing.com\/en\/wp-json\/wp\/v2\/pages\/119957","targetHints":{"allow":["GET"]}}],"collection":[{"href":"https:\/\/wbcboxing.com\/en\/wp-json\/wp\/v2\/pages"}],"about":[{"href":"https:\/\/wbcboxing.com\/en\/wp-json\/wp\/v2\/types\/page"}],"author":[{"embeddable":true,"href":"https:\/\/wbcboxing.com\/en\/wp-json\/wp\/v2\/users\/14"}],"replies":[{"embeddable":true,"href":"https:\/\/wbcboxing.com\/en\/wp-json\/wp\/v2\/comments?post=119957"}],"version-history":[{"count":0,"href":"https:\/\/wbcboxing.com\/en\/wp-json\/wp\/v2\/pages\/119957\/revisions"}],"wp:attachment":[{"href":"https:\/\/wbcboxing.com\/en\/wp-json\/wp\/v2\/media?parent=119957"}],"curies":[{"name":"wp","href":"https:\/\/api.w.org\/{rel}","templated":true}]}}