{"id":338,"date":"2023-10-10T15:29:13","date_gmt":"2023-10-10T15:29:13","guid":{"rendered":"https:\/\/wbcboxing.com\/amateur\/?page_id=338"},"modified":"2026-04-07T16:12:06","modified_gmt":"2026-04-07T16:12:06","slug":"nosotros","status":"publish","type":"page","link":"https:\/\/wbcboxing.com\/amateur\/esp\/nosotros\/","title":{"rendered":"Nosotros"},"content":{"rendered":"\n<div class=\"wp-block-columns is-layout-flex wp-container-core-columns-is-layout-9d6595d7 wp-block-columns-is-layout-flex\">\n<div class=\"wp-block-column is-layout-flow wp-block-column-is-layout-flow\">\n<p class=\"has-text-align-center\"><strong>CHAIRMAN<br><\/strong>MARCOS ARIENTI<\/p>\n<\/div>\n\n\n\n<div class=\"wp-block-column is-layout-flow wp-block-column-is-layout-flow\">\n<p class=\"has-text-align-center\"><strong>CO-CHAIR<br><\/strong>RAJA AMASHEH<\/p>\n<\/div>\n<\/div>\n\n\n\n<p class=\"has-text-align-center\"><strong>JUNTA DE ASESORES<\/strong><\/p>\n\n\n\n<div class=\"wp-block-columns is-layout-flex wp-container-core-columns-is-layout-9d6595d7 wp-block-columns-is-layout-flex\">\n<div class=\"wp-block-column is-layout-flow wp-block-column-is-layout-flow\">\n<p>JILL DIAMOND<br>BOB YALEN<br>GABRIEL GONZALEZ<br>PETER STUCKI<\/p>\n<\/div>\n\n\n\n<div class=\"wp-block-column is-layout-flow wp-block-column-is-layout-flow\">\n<p>KEVIN NOONE<br>MICHEL SALOMON<br>OKSANA SEMENISHINA<br>RAUL UTAJARA<\/p>\n<\/div>\n\n\n\n<div class=\"wp-block-column is-layout-flow wp-block-column-is-layout-flow\">\n<p>NANCY RODRIGUEZ<br>JOEL CAMPUZANO<br>RAY MANCERA<br>ABRAHAM IBARRA<\/p>\n<\/div>\n<\/div>\n\n\n\n<p class=\"has-text-align-center\"><strong>REPRESENTANTES INTERNACIONALES<\/strong><\/p>\n\n\n\n<div class=\"wp-block-columns is-layout-flex wp-container-core-columns-is-layout-9d6595d7 wp-block-columns-is-layout-flex\">\n<div class=\"wp-block-column is-layout-flow wp-block-column-is-layout-flow\">\n<p>PETER NGATANE (SOUTH AFRICA)<br>JILL DIAMOND (USA)<br>KEVIN NOONE (THA)<br>SIMON BLOCK (UK)<br>BRAD NORMAN (SOUTH AFRICA)<br>HRH PRINCESS NOUF AL SAUD (SA)<br>TONY MILCH (ISRAEL)<br>GUSTAVO ZACARIAS (ARG)<br>SCOTT\u00a0WELCH\u00a0(UK)<br>ALAIN VANACKERE\u00a0(BELG)<br>NICOL\u00c1S VALENZUELA (CHILE)<br>EDUARDO ENMANUEL BELTRAN VALLEJO (ECU)<\/p>\n<\/div>\n\n\n\n<div class=\"wp-block-column is-layout-flow wp-block-column-is-layout-flow\">\n<p>SAMUEL DECUBBER (FRA)<br>CESAR VERDUZCO (USA)<br>JOANNA AGUILAR (USA)<br>THANAPOL (THA)<br>OKSANA SEMENISHINA (LIT)<br>SAM CONTRERAS (SAL) FEDERICO ENRIQUEZ (MEX)<br>REZA DJABOOR (IRAN)<br>AKU ZHANG (CHINA)<br>CARLOS HERNANDEZ (MEX)<br>ANTONIO RAMALHO (POR)<br>MAX BAGGIO (ITA)<br>RAKHIMZHAN YERDENBEKOV (KAZ)<\/p>\n<\/div>\n\n\n\n<div class=\"wp-block-column is-layout-flow wp-block-column-is-layout-flow\">\n<div class=\"wp-block-columns is-layout-flex wp-container-core-columns-is-layout-9d6595d7 wp-block-columns-is-layout-flex\">\n<div class=\"wp-block-column is-layout-flow wp-block-column-is-layout-flow\">\n<p>STEPHEN BLEA (USA)<br>BISMARK MORALES (NIC)<br>DOMINIK JUNGE (GER)<br>SERGIO MARQUEZ (URU)<br>MIKE MIRANDA (BRA)<br>EVA VORABERGER (AT)<br>JEFF WOJCIECHOWSKI (POL)<br>KRIS JAN (GER)<br>ALI KERDI (OM\u00c1N)<br>KIERAN KEDDLE (CAN)<br>MAX BASNET (NEP)<br>RENZO EYZAGUIRRE (BOL)<br>DAVID MUNUHE (KEN)<\/p>\n<\/div>\n<\/div>\n<\/div>\n<\/div>\n\n\n\n<p class=\"has-text-align-center\"><strong>COMIT\u00c9 DE DISCIPLINA<\/strong><\/p>\n\n\n\n<div class=\"wp-block-columns is-layout-flex wp-container-core-columns-is-layout-9d6595d7 wp-block-columns-is-layout-flex\">\n<div class=\"wp-block-column is-layout-flow wp-block-column-is-layout-flow\">\n<p>MICHEL SALOMON (PRESIDENT)<br>BISMARK MORALES<br>BOB YALEN<\/p>\n<\/div>\n\n\n\n<div class=\"wp-block-column is-layout-flow wp-block-column-is-layout-flow\">\n<p>JOEL CAMPUZANO<br>GABRIEL GONZALEZ<\/p>\n<\/div>\n\n\n\n<div class=\"wp-block-column is-layout-flow wp-block-column-is-layout-flow\">\n<div class=\"wp-block-columns is-layout-flex wp-container-core-columns-is-layout-9d6595d7 wp-block-columns-is-layout-flex\">\n<div class=\"wp-block-column is-layout-flow wp-block-column-is-layout-flow\">\n<p>RAY MANCERA<br>FEDERICO ENRIQUEZ<\/p>\n<\/div>\n<\/div>\n<\/div>\n<\/div>\n\n\n\n<hr class=\"wp-block-separator has-alpha-channel-opacity\"\/>\n\n\n\n<h5 class=\"wp-block-heading\">Nuestra misi\u00f3n:<\/h5>\n\n\n\n<p>Ayudar en el desarrollo de los mejores programas de boxeo amateur del mundo. El Comit\u00e9 Amateur del WBC se compromete a brindar el m\u00e1s alto nivel de apoyo y servicios a todos los boxeadores\/as amateurs y a aquellos involucrados en el deporte, incluida la organizaci\u00f3n y operaci\u00f3n de torneos bien administrados, asistencia en entrenamiento y equipamiento, brindando informaci\u00f3n m\u00e9dica y nutricional, y suministrando asesoramiento y educaci\u00f3n para quienes necesitan o buscan ayuda. Tambi\u00e9n nos esforzamos por presentar el m\u00e1s alto nivel de entretenimiento deportivo a trav\u00e9s de nuestros esfuerzos al otro grupo importante: los fan\u00e1ticos del boxeo.<\/p>\n\n\n\n<h5 class=\"wp-block-heading\">Nuestra visi\u00f3n:<\/h5>\n\n\n\n<p>Expandirnos por todo el mundo para ayudar a tantos boxeadores\/as como sea posible, para que alcancen su m\u00e1ximo potencial tanto dentro como fuera del ring. Creemos que el boxeo amateur puede ayudar a proporcionar un prop\u00f3sito en la vida, mejorar la salud f\u00edsica y mental de una persona y ayudar a establecer un futuro de manera positiva. Adem\u00e1s, deseamos continuar retribuyendo a la comunidad a trav\u00e9s de nuestro trabajo con causas ben\u00e9ficas y ayudar a unir a las comunidades, ya que el Comit\u00e9 Amateur del WBC est\u00e1 comprometido a ser un motor de cambio para siempre.<\/p>\n\n\n\n<h5 class=\"wp-block-heading\">Nuestro objetivo:<\/h5>\n\n\n\n<p>Unificar el mundo del boxeo amateur utilizando nuestra experiencia y conocimiento para que los boxeadores y boxeadoras amateurs del mundo y quienes los\/as rodean se beneficien. Al Comit\u00e9 Amateur del WBC le gustar\u00eda utilizar el boxeo amateur para ense\u00f1ar a los j\u00f3venes a convertirse en ciudadanos productivos, d\u00e1ndoles enfoque y abri\u00e9ndoles oportunidades que normalmente no habr\u00edan recibido. Creemos que el boxeo amateur es un componente clave para ense\u00f1ar habilidades importantes para la vida, como la disciplina, la confianza y la compasi\u00f3n, y esperamos inculcar estas cualidades en todos los boxeadores aficionados con los que trabajamos.<\/p>\n\n\n\n<hr class=\"wp-block-separator has-alpha-channel-opacity\"\/>\n\n\n\n<p><\/p>\n","protected":false},"excerpt":{"rendered":"<p>CHAIRMANMARCOS ARIENTI CO-CHAIRRAJA AMASHEH JUNTA DE ASESORES JILL DIAMONDBOB YALENGABRIEL GONZALEZPETER STUCKI KEVIN NOONEMICHEL SALOMONOKSANA SEMENISHINARAUL UTAJARA NANCY RODRIGUEZJOEL CAMPUZANORAY MANCERAABRAHAM IBARRA REPRESENTANTES INTERNACIONALES PETER NGATANE (SOUTH AFRICA)JILL DIAMOND (USA)KEVIN NOONE (THA)SIMON BLOCK (UK)BRAD NORMAN (SOUTH AFRICA)HRH PRINCESS NOUF AL SAUD (SA)TONY MILCH (ISRAEL)GUSTAVO ZACARIAS (ARG)SCOTT\u00a0WELCH\u00a0(UK)ALAIN VANACKERE\u00a0(BELG)NICOL\u00c1S VALENZUELA (CHILE)EDUARDO ENMANUEL BELTRAN VALLEJO (ECU) SAMUEL DECUBBER [&hellip;]<\/p>\n","protected":false},"author":1,"featured_media":0,"parent":0,"menu_order":0,"comment_status":"closed","ping_status":"closed","template":"","meta":{"_acf_changed":false,"material-hide-sections":[],"footnotes":""},"class_list":["post-338","page","type-page","status-publish","hentry"],"acf":[],"_links":{"self":[{"href":"https:\/\/wbcboxing.com\/amateur\/esp\/wp-json\/wp\/v2\/pages\/338","targetHints":{"allow":["GET"]}}],"collection":[{"href":"https:\/\/wbcboxing.com\/amateur\/esp\/wp-json\/wp\/v2\/pages"}],"about":[{"href":"https:\/\/wbcboxing.com\/amateur\/esp\/wp-json\/wp\/v2\/types\/page"}],"author":[{"embeddable":true,"href":"https:\/\/wbcboxing.com\/amateur\/esp\/wp-json\/wp\/v2\/users\/1"}],"replies":[{"embeddable":true,"href":"https:\/\/wbcboxing.com\/amateur\/esp\/wp-json\/wp\/v2\/comments?post=338"}],"version-history":[{"count":54,"href":"https:\/\/wbcboxing.com\/amateur\/esp\/wp-json\/wp\/v2\/pages\/338\/revisions"}],"predecessor-version":[{"id":1651,"href":"https:\/\/wbcboxing.com\/amateur\/esp\/wp-json\/wp\/v2\/pages\/338\/revisions\/1651"}],"wp:attachment":[{"href":"https:\/\/wbcboxing.com\/amateur\/esp\/wp-json\/wp\/v2\/media?parent=338"}],"curies":[{"name":"wp","href":"https:\/\/api.w.org\/{rel}","templated":true}]}}